{"id":565,"date":"2025-04-28T22:53:35","date_gmt":"2025-04-29T03:53:35","guid":{"rendered":"https:\/\/www.littlelionsbighearts.org\/inicio\/"},"modified":"2025-10-12T13:10:22","modified_gmt":"2025-10-12T18:10:22","slug":"inicio","status":"publish","type":"page","link":"https:\/\/www.littlelionsbighearts.org\/es\/","title":{"rendered":"Inicio"},"content":{"rendered":"\n<p><a target=\"_blank\" alt=\"Link to https:\/\/www.littlelionsbighearts.org\/es\/\" href=\"https:\/\/www.littlelionsbighearts.org\/es\/\">La fundaci\u00f3n Little Lions, Big Hearts<\/a> se compromete a apoyar a las familias con ni\u00f1os que padecen enfermedades card\u00edacas.<\/p>\n","protected":false},"excerpt":{"rendered":"<p>La fundaci\u00f3n Little Lions, Big Hearts se compromete a apoyar a las familias con ni\u00f1os que padecen enfermedades card\u00edacas.<\/p>\n","protected":false},"author":1,"featured_media":566,"parent":0,"menu_order":0,"comment_status":"closed","ping_status":"closed","template":"","meta":{"footnotes":""},"class_list":["post-565","page","type-page","status-publish","has-post-thumbnail","hentry"],"yoast_head":"<!-- This site is optimized with the Yoast SEO plugin v27.3 - https:\/\/yoast.com\/product\/yoast-seo-wordpress\/ -->\n<title>La fundaci\u00f3n Little Lions, Big Hearts: apoyo a las familias<\/title>\n<meta name=\"description\" content=\"La fundaci\u00f3n Little Lions, Big Hearts se compromete a apoyar a las familias con ni\u00f1os que padecen enfermedades card\u00edacas.\" \/>\n<meta name=\"robots\" content=\"index, follow, max-snippet:-1, max-image-preview:large, max-video-preview:-1\" \/>\n<link rel=\"canonical\" href=\"https:\/\/www.littlelionsbighearts.org\/es\/\" \/>\n<meta property=\"og:locale\" content=\"es_ES\" \/>\n<meta property=\"og:type\" content=\"article\" \/>\n<meta property=\"og:title\" content=\"La fundaci\u00f3n Little Lions, Big Hearts: apoyo a las familias\" \/>\n<meta property=\"og:description\" content=\"La fundaci\u00f3n Little Lions, Big Hearts se compromete a apoyar a las familias con ni\u00f1os que padecen enfermedades card\u00edacas.\" \/>\n<meta property=\"og:url\" content=\"https:\/\/www.littlelionsbighearts.org\/es\/\" \/>\n<meta property=\"og:site_name\" content=\"Little Lions, Big Hearts\" \/>\n<meta property=\"article:modified_time\" content=\"2025-10-12T18:10:22+00:00\" \/>\n<meta property=\"og:image\" content=\"https:\/\/i0.wp.com\/www.littlelionsbighearts.org\/wp-content\/uploads\/2025\/05\/foundation-logo_round-og.png?fit=1200%2C675&ssl=1\" \/>\n\t<meta property=\"og:image:width\" content=\"1200\" \/>\n\t<meta property=\"og:image:height\" content=\"675\" \/>\n\t<meta property=\"og:image:type\" content=\"image\/png\" \/>\n<meta name=\"twitter:card\" content=\"summary_large_image\" \/>\n<script type=\"application\/ld+json\" class=\"yoast-schema-graph\">{\"@context\":\"https:\\\/\\\/schema.org\",\"@graph\":[{\"@type\":\"WebPage\",\"@id\":\"https:\\\/\\\/www.littlelionsbighearts.org\\\/es\\\/\",\"url\":\"https:\\\/\\\/www.littlelionsbighearts.org\\\/es\\\/\",\"name\":\"La fundaci\u00f3n Little Lions, Big Hearts: apoyo a las familias\",\"isPartOf\":{\"@id\":\"https:\\\/\\\/www.littlelionsbighearts.org\\\/es\\\/#website\"},\"primaryImageOfPage\":{\"@id\":\"https:\\\/\\\/www.littlelionsbighearts.org\\\/es\\\/#primaryimage\"},\"image\":{\"@id\":\"https:\\\/\\\/www.littlelionsbighearts.org\\\/es\\\/#primaryimage\"},\"thumbnailUrl\":\"https:\\\/\\\/i0.wp.com\\\/www.littlelionsbighearts.org\\\/wp-content\\\/uploads\\\/2025\\\/05\\\/foundation-logo_round-og.png?fit=1200%2C675&ssl=1\",\"datePublished\":\"2025-04-29T03:53:35+00:00\",\"dateModified\":\"2025-10-12T18:10:22+00:00\",\"description\":\"La fundaci\u00f3n Little Lions, Big Hearts se compromete a apoyar a las familias con ni\u00f1os que padecen enfermedades card\u00edacas.\",\"breadcrumb\":{\"@id\":\"https:\\\/\\\/www.littlelionsbighearts.org\\\/es\\\/#breadcrumb\"},\"inLanguage\":\"es\",\"potentialAction\":[{\"@type\":\"ReadAction\",\"target\":[\"https:\\\/\\\/www.littlelionsbighearts.org\\\/es\\\/\"]}]},{\"@type\":\"ImageObject\",\"inLanguage\":\"es\",\"@id\":\"https:\\\/\\\/www.littlelionsbighearts.org\\\/es\\\/#primaryimage\",\"url\":\"https:\\\/\\\/i0.wp.com\\\/www.littlelionsbighearts.org\\\/wp-content\\\/uploads\\\/2025\\\/05\\\/foundation-logo_round-og.png?fit=1200%2C675&ssl=1\",\"contentUrl\":\"https:\\\/\\\/i0.wp.com\\\/www.littlelionsbighearts.org\\\/wp-content\\\/uploads\\\/2025\\\/05\\\/foundation-logo_round-og.png?fit=1200%2C675&ssl=1\",\"width\":1200,\"height\":675,\"caption\":\"logotipo open graph round\"},{\"@type\":\"BreadcrumbList\",\"@id\":\"https:\\\/\\\/www.littlelionsbighearts.org\\\/es\\\/#breadcrumb\",\"itemListElement\":[{\"@type\":\"ListItem\",\"position\":1,\"name\":\"Home\",\"item\":\"https:\\\/\\\/www.littlelionsbighearts.org\\\/es\\\/inicio\\\/\"},{\"@type\":\"ListItem\",\"position\":2,\"name\":\"Inicio\"}]},{\"@type\":\"WebSite\",\"@id\":\"https:\\\/\\\/www.littlelionsbighearts.org\\\/es\\\/#website\",\"url\":\"https:\\\/\\\/www.littlelionsbighearts.org\\\/es\\\/\",\"name\":\"Little Lions, Big Hearts Foundation\",\"description\":\"Helping Families\",\"publisher\":{\"@id\":\"https:\\\/\\\/www.littlelionsbighearts.org\\\/es\\\/#organization\"},\"alternateName\":\"Little Lions, Big Hearts\",\"potentialAction\":[{\"@type\":\"SearchAction\",\"target\":{\"@type\":\"EntryPoint\",\"urlTemplate\":\"https:\\\/\\\/www.littlelionsbighearts.org\\\/es\\\/?s={search_term_string}\"},\"query-input\":{\"@type\":\"PropertyValueSpecification\",\"valueRequired\":true,\"valueName\":\"search_term_string\"}}],\"inLanguage\":\"es\"},{\"@type\":\"Organization\",\"@id\":\"https:\\\/\\\/www.littlelionsbighearts.org\\\/es\\\/#organization\",\"name\":\"Little Lions Big Hearts Foundation\",\"alternateName\":\"Little Lions Big Hearts\",\"url\":\"https:\\\/\\\/www.littlelionsbighearts.org\\\/es\\\/\",\"logo\":{\"@type\":\"ImageObject\",\"inLanguage\":\"es\",\"@id\":\"https:\\\/\\\/www.littlelionsbighearts.org\\\/es\\\/#\\\/schema\\\/logo\\\/image\\\/\",\"url\":\"https:\\\/\\\/i0.wp.com\\\/www.littlelionsbighearts.org\\\/wp-content\\\/uploads\\\/2025\\\/04\\\/logo-round-icon-transparent.png?fit=2000%2C2000&ssl=1\",\"contentUrl\":\"https:\\\/\\\/i0.wp.com\\\/www.littlelionsbighearts.org\\\/wp-content\\\/uploads\\\/2025\\\/04\\\/logo-round-icon-transparent.png?fit=2000%2C2000&ssl=1\",\"width\":2000,\"height\":2000,\"caption\":\"Little Lions Big Hearts Foundation\"},\"image\":{\"@id\":\"https:\\\/\\\/www.littlelionsbighearts.org\\\/es\\\/#\\\/schema\\\/logo\\\/image\\\/\"}}]}<\/script>\n<!-- \/ Yoast SEO plugin. -->","yoast_head_json":{"title":"La fundaci\u00f3n Little Lions, Big Hearts: apoyo a las familias","description":"La fundaci\u00f3n Little Lions, Big Hearts se compromete a apoyar a las familias con ni\u00f1os que padecen enfermedades card\u00edacas.","robots":{"index":"index","follow":"follow","max-snippet":"max-snippet:-1","max-image-preview":"max-image-preview:large","max-video-preview":"max-video-preview:-1"},"canonical":"https:\/\/www.littlelionsbighearts.org\/es\/","og_locale":"es_ES","og_type":"article","og_title":"La fundaci\u00f3n Little Lions, Big Hearts: apoyo a las familias","og_description":"La fundaci\u00f3n Little Lions, Big Hearts se compromete a apoyar a las familias con ni\u00f1os que padecen enfermedades card\u00edacas.","og_url":"https:\/\/www.littlelionsbighearts.org\/es\/","og_site_name":"Little Lions, Big Hearts","article_modified_time":"2025-10-12T18:10:22+00:00","og_image":[{"width":1200,"height":675,"url":"https:\/\/i0.wp.com\/www.littlelionsbighearts.org\/wp-content\/uploads\/2025\/05\/foundation-logo_round-og.png?fit=1200%2C675&ssl=1","type":"image\/png"}],"twitter_card":"summary_large_image","schema":{"@context":"https:\/\/schema.org","@graph":[{"@type":"WebPage","@id":"https:\/\/www.littlelionsbighearts.org\/es\/","url":"https:\/\/www.littlelionsbighearts.org\/es\/","name":"La fundaci\u00f3n Little Lions, Big Hearts: apoyo a las familias","isPartOf":{"@id":"https:\/\/www.littlelionsbighearts.org\/es\/#website"},"primaryImageOfPage":{"@id":"https:\/\/www.littlelionsbighearts.org\/es\/#primaryimage"},"image":{"@id":"https:\/\/www.littlelionsbighearts.org\/es\/#primaryimage"},"thumbnailUrl":"https:\/\/i0.wp.com\/www.littlelionsbighearts.org\/wp-content\/uploads\/2025\/05\/foundation-logo_round-og.png?fit=1200%2C675&ssl=1","datePublished":"2025-04-29T03:53:35+00:00","dateModified":"2025-10-12T18:10:22+00:00","description":"La fundaci\u00f3n Little Lions, Big Hearts se compromete a apoyar a las familias con ni\u00f1os que padecen enfermedades card\u00edacas.","breadcrumb":{"@id":"https:\/\/www.littlelionsbighearts.org\/es\/#breadcrumb"},"inLanguage":"es","potentialAction":[{"@type":"ReadAction","target":["https:\/\/www.littlelionsbighearts.org\/es\/"]}]},{"@type":"ImageObject","inLanguage":"es","@id":"https:\/\/www.littlelionsbighearts.org\/es\/#primaryimage","url":"https:\/\/i0.wp.com\/www.littlelionsbighearts.org\/wp-content\/uploads\/2025\/05\/foundation-logo_round-og.png?fit=1200%2C675&ssl=1","contentUrl":"https:\/\/i0.wp.com\/www.littlelionsbighearts.org\/wp-content\/uploads\/2025\/05\/foundation-logo_round-og.png?fit=1200%2C675&ssl=1","width":1200,"height":675,"caption":"logotipo open graph round"},{"@type":"BreadcrumbList","@id":"https:\/\/www.littlelionsbighearts.org\/es\/#breadcrumb","itemListElement":[{"@type":"ListItem","position":1,"name":"Home","item":"https:\/\/www.littlelionsbighearts.org\/es\/inicio\/"},{"@type":"ListItem","position":2,"name":"Inicio"}]},{"@type":"WebSite","@id":"https:\/\/www.littlelionsbighearts.org\/es\/#website","url":"https:\/\/www.littlelionsbighearts.org\/es\/","name":"Little Lions, Big Hearts Foundation","description":"Helping Families","publisher":{"@id":"https:\/\/www.littlelionsbighearts.org\/es\/#organization"},"alternateName":"Little Lions, Big Hearts","potentialAction":[{"@type":"SearchAction","target":{"@type":"EntryPoint","urlTemplate":"https:\/\/www.littlelionsbighearts.org\/es\/?s={search_term_string}"},"query-input":{"@type":"PropertyValueSpecification","valueRequired":true,"valueName":"search_term_string"}}],"inLanguage":"es"},{"@type":"Organization","@id":"https:\/\/www.littlelionsbighearts.org\/es\/#organization","name":"Little Lions Big Hearts Foundation","alternateName":"Little Lions Big Hearts","url":"https:\/\/www.littlelionsbighearts.org\/es\/","logo":{"@type":"ImageObject","inLanguage":"es","@id":"https:\/\/www.littlelionsbighearts.org\/es\/#\/schema\/logo\/image\/","url":"https:\/\/i0.wp.com\/www.littlelionsbighearts.org\/wp-content\/uploads\/2025\/04\/logo-round-icon-transparent.png?fit=2000%2C2000&ssl=1","contentUrl":"https:\/\/i0.wp.com\/www.littlelionsbighearts.org\/wp-content\/uploads\/2025\/04\/logo-round-icon-transparent.png?fit=2000%2C2000&ssl=1","width":2000,"height":2000,"caption":"Little Lions Big Hearts Foundation"},"image":{"@id":"https:\/\/www.littlelionsbighearts.org\/es\/#\/schema\/logo\/image\/"}}]}},"jetpack_sharing_enabled":true,"_links":{"self":[{"href":"https:\/\/www.littlelionsbighearts.org\/es\/wp-json\/wp\/v2\/pages\/565","targetHints":{"allow":["GET"]}}],"collection":[{"href":"https:\/\/www.littlelionsbighearts.org\/es\/wp-json\/wp\/v2\/pages"}],"about":[{"href":"https:\/\/www.littlelionsbighearts.org\/es\/wp-json\/wp\/v2\/types\/page"}],"author":[{"embeddable":true,"href":"https:\/\/www.littlelionsbighearts.org\/es\/wp-json\/wp\/v2\/users\/1"}],"replies":[{"embeddable":true,"href":"https:\/\/www.littlelionsbighearts.org\/es\/wp-json\/wp\/v2\/comments?post=565"}],"version-history":[{"count":1,"href":"https:\/\/www.littlelionsbighearts.org\/es\/wp-json\/wp\/v2\/pages\/565\/revisions"}],"predecessor-version":[{"id":567,"href":"https:\/\/www.littlelionsbighearts.org\/es\/wp-json\/wp\/v2\/pages\/565\/revisions\/567"}],"wp:featuredmedia":[{"embeddable":true,"href":"https:\/\/www.littlelionsbighearts.org\/es\/wp-json\/wp\/v2\/media\/566"}],"wp:attachment":[{"href":"https:\/\/www.littlelionsbighearts.org\/es\/wp-json\/wp\/v2\/media?parent=565"}],"curies":[{"name":"wp","href":"https:\/\/api.w.org\/{rel}","templated":true}]}}